{"id":48576,"date":"2024-05-28T11:57:16","date_gmt":"2024-05-28T08:57:16","guid":{"rendered":"https:\/\/yourempireestate.com\/?page_id=48576"},"modified":"2024-12-17T14:21:08","modified_gmt":"2024-12-17T11:21:08","slug":"privacy-policy","status":"publish","type":"page","link":"https:\/\/yourempireestate.com\/de\/privacy-policy\/","title":{"rendered":"Datenschutzrichtlinie"},"content":{"rendered":"<p><\/p>\n<h2 style=\"text-align: justify;\">Datenschutzrichtlinie<\/h2>\n<p style=\"text-align: justify;\">Diese Datenschutzrichtlinie beschreibt unsere Richtlinien und Verfahren zur Erfassung, Nutzung und Offenlegung Ihrer Informationen, wenn Sie den Dienst nutzen, und informiert Sie \u00fcber Ihre Datenschutzrechte und wie das Gesetz Sie sch\u00fctzt.<\/p>\n<p style=\"text-align: justify;\">Wir verwenden Ihre Daten, um den Dienst bereitzustellen und zu verbessern. Durch die Nutzung des Dienstes stimmen Sie der Erfassung und Nutzung von Informationen gem\u00e4\u00df dieser Datenschutzrichtlinie zu.<\/p>\n<p style=\"text-align: justify;\">Interpretation und Definitionen<br \/>\nInterpretation<\/p>\n<p style=\"text-align: justify;\">W\u00f6rter, deren Anfangsbuchstaben gro\u00dfgeschrieben sind, haben Bedeutungen, die unter den folgenden Bedingungen definiert sind. Die folgenden Definitionen haben die gleiche Bedeutung, unabh\u00e4ngig davon, ob sie im Singular oder Plural erscheinen.<\/p>\n<p style=\"text-align: justify;\">Definitionen<\/p>\n<p style=\"text-align: justify;\">F\u00fcr die Zwecke dieser Datenschutzrichtlinie:<\/p>\n<p style=\"text-align: justify;\">Konto bezeichnet ein einzigartiges Konto, das f\u00fcr Sie erstellt wurde, um auf unseren Dienst oder Teile davon zuzugreifen.<\/p>\n<p style=\"text-align: justify;\">Verbundene Unternehmen bezieht sich auf jede Einheit, die kontrolliert, kontrolliert wird oder unter gemeinsamer Kontrolle mit einer Partei steht, wobei \u201eKontrolle\u201c den Besitz von 50 % oder mehr der Aktien, Beteiligungen oder anderen Wertpapiere bedeutet, die zur Wahl von Direktoren oder anderen Verwaltungsorganen berechtigt sind.<\/p>\n<p style=\"text-align: justify;\">Unternehmen (in dieser Vereinbarung entweder als \u201edas Unternehmen\u201c, \u201eWir\u201c, \u201eUns\u201c oder \u201eUnser\u201c bezeichnet) bezieht sich auf Your Empire Estate Limited \u015eirketi, Mahmutlar, 125. Sk. No:12 D:6, 07450 Alanya\/Antalya, T\u00fcrkei.<\/p>\n<p style=\"text-align: justify;\">Cookies sind kleine Dateien, die auf Ihrem Computer, Mobilger\u00e4t oder einem anderen Ger\u00e4t von einer Website abgelegt werden und Details zu Ihrem Browserverlauf auf dieser Website enthalten, unter ihren vielen Verwendungszwecken.<\/p>\n<p style=\"text-align: justify;\">Land bezieht sich auf die T\u00fcrkei.<\/p>\n<p style=\"text-align: justify;\">Ger\u00e4t bedeutet jedes Ger\u00e4t, das auf den Dienst zugreifen kann, wie z. B. ein Computer, Mobiltelefon oder digitales Tablet.<\/p>\n<p style=\"text-align: justify;\">Personenbezogene Daten sind alle Informationen, die sich auf eine identifizierte oder identifizierbare Person beziehen.<\/p>\n<p style=\"text-align: justify;\">Dienst bezieht sich auf die Website.<\/p>\n<p style=\"text-align: justify;\">Dienstleister bedeutet jede nat\u00fcrliche oder juristische Person, die die Daten im Auftrag des Unternehmens verarbeitet. Dies bezieht sich auf Drittunternehmen oder Einzelpersonen, die vom Unternehmen beauftragt wurden, den Dienst zu erleichtern, den Dienst im Namen des Unternehmens bereitzustellen, dienstbezogene Dienstleistungen zu erbringen oder dem Unternehmen bei der Analyse der Nutzung des Dienstes zu helfen.<\/p>\n<p style=\"text-align: justify;\">Sozialer Mediendienst eines Dritten bezieht sich auf jede Website oder jedes soziale Netzwerk, \u00fcber das sich ein Benutzer anmelden oder ein Konto erstellen kann, um den Dienst zu nutzen.<\/p>\n<p style=\"text-align: justify;\">Nutzungsdaten beziehen sich auf automatisch erfasste Daten, die entweder durch die Nutzung des Dienstes oder aus der Dienstinfrastruktur selbst generiert werden (z. B. die Dauer eines Seitenbesuchs).<\/p>\n<p style=\"text-align: justify;\">Website bezieht sich auf Your Empire Estate, erreichbar unter<a href=\"https:\/\/yourempireestate.com\/de\/\"> https:\/\/yourempireestate.com\/de\/<\/a><\/p>\n<p style=\"text-align: justify;\">Sie bedeutet die Person, die auf den Dienst zugreift oder ihn nutzt, oder das Unternehmen oder andere juristische Personen, in deren Namen diese Person auf den Dienst zugreift oder ihn nutzt, je nach Fall.<\/p>\n<p style=\"text-align: justify;\">Erfassung und Nutzung Ihrer personenbezogenen Daten<br \/>\nArten der erfassten Daten<br \/>\nPersonenbezogene Daten<\/p>\n<p style=\"text-align: justify;\">Bei der Nutzung unseres Dienstes k\u00f6nnen wir Sie bitten, uns bestimmte personenbezogene Daten zur Verf\u00fcgung zu stellen, die verwendet werden k\u00f6nnen, um Sie zu kontaktieren oder zu identifizieren. Pers\u00f6nlich identifizierbare Informationen k\u00f6nnen unter anderem sein:<\/p>\n<p style=\"text-align: justify;\">E-Mail-Adresse<\/p>\n<p style=\"text-align: justify;\">Vorname und Nachname<\/p>\n<p style=\"text-align: justify;\">Telefonnummer<\/p>\n<p style=\"text-align: justify;\">Nutzungsdaten<\/p>\n<p style=\"text-align: justify;\">Nutzungsdaten<\/p>\n<p style=\"text-align: justify;\">Nutzungsdaten werden automatisch bei der Nutzung des Dienstes erfasst.<\/p>\n<p style=\"text-align: justify;\">Zu den Nutzungsdaten k\u00f6nnen Informationen wie die Internet-Protokoll-Adresse Ihres Ger\u00e4ts (z. B. IP-Adresse), der Browsertyp, die Browserversion, die Seiten unseres Dienstes, die Sie besuchen, die Uhrzeit und das Datum Ihres Besuchs, die auf diesen Seiten verbrachte Zeit, eindeutige Ger\u00e4tekennungen und andere Diagnosedaten geh\u00f6ren.<\/p>\n<p style=\"text-align: justify;\">Wenn Sie mit einem mobilen Ger\u00e4t auf den Dienst zugreifen, k\u00f6nnen wir bestimmte Informationen automatisch erfassen, einschlie\u00dflich, aber nicht beschr\u00e4nkt auf den Typ des von Ihnen verwendeten Mobilger\u00e4ts, die eindeutige ID Ihres Mobilger\u00e4ts, die IP-Adresse Ihres Mobilger\u00e4ts, Ihr mobiles Betriebssystem, den Typ des von Ihnen verwendeten mobilen Internetbrowsers, eindeutige Ger\u00e4tekennungen und andere Diagnosedaten.<\/p>\n<p style=\"text-align: justify;\">Wir k\u00f6nnen auch Informationen sammeln, die Ihr Browser sendet, wann immer Sie unseren Dienst besuchen oder wenn Sie mit einem mobilen Ger\u00e4t auf den Dienst zugreifen.<\/p>\n<p style=\"text-align: justify;\">Informationen von Dritten sozialen Mediendiensten<\/p>\n<p style=\"text-align: justify;\">Das Unternehmen erm\u00f6glicht es Ihnen, ein Konto zu erstellen und sich anzumelden, um den Dienst \u00fcber die folgenden sozialen Mediendienste Dritter zu nutzen:<\/p>\n<p style=\"text-align: justify;\">Google<br \/>\nFacebook<br \/>\nInstagram<br \/>\nTwitter<br \/>\nLinkedIn<\/p>\n<p style=\"text-align: justify;\">Wenn Sie sich \u00fcber oder uns anderweitig Zugang zu einem sozialen Mediendienst eines Dritten gew\u00e4hren, k\u00f6nnen wir personenbezogene Daten sammeln, die bereits mit dem Konto Ihres Dritten sozialen Mediendienstes verkn\u00fcpft sind, wie Ihren Namen, Ihre E-Mail-Adresse, Ihre Aktivit\u00e4ten oder Ihre Kontaktliste, die mit diesem Konto verbunden ist.<\/p>\n<p style=\"text-align: justify;\">Sie haben m\u00f6glicherweise auch die M\u00f6glichkeit, zus\u00e4tzliche Informationen \u00fcber Ihr Konto des sozialen Mediendienstes Dritter mit dem Unternehmen zu teilen. Wenn Sie sich daf\u00fcr entscheiden, solche Informationen und personenbezogenen Daten bereitzustellen, w\u00e4hrend der Registrierung oder anderweitig, erteilen Sie dem Unternehmen die Erlaubnis, diese auf eine Weise zu verwenden, zu teilen und zu speichern, die dieser Datenschutzrichtlinie entspricht.<\/p>\n<p style=\"text-align: justify;\">Tracking-Technologien und Cookies<\/p>\n<p style=\"text-align: justify;\">Wir verwenden Cookies und \u00e4hnliche Tracking-Technologien, um die Aktivit\u00e4ten auf unserem Dienst zu verfolgen und bestimmte Informationen zu speichern. Zu den verwendeten Tracking-Technologien geh\u00f6ren Beacons, Tags und Skripte zum Sammeln und Verfolgen von Informationen und zur Verbesserung und Analyse unseres Dienstes. Die von uns verwendeten Technologien k\u00f6nnen umfassen:<\/p>\n<p style=\"text-align: justify;\">Cookies oder Browser-Cookies. Ein Cookie ist eine kleine Datei, die auf Ihrem Ger\u00e4t abgelegt wird. Sie k\u00f6nnen Ihrem Browser anweisen, alle Cookies abzulehnen oder anzugeben, wenn ein Cookie gesendet wird. Wenn Sie jedoch keine Cookies akzeptieren, k\u00f6nnen Sie m\u00f6glicherweise einige Teile unseres Dienstes nicht nutzen. Sofern Sie Ihre Browsereinstellungen nicht so angepasst haben, dass Cookies abgelehnt werden, kann unser Dienst Cookies verwenden.<br \/>\nWeb Beacons. Bestimmte Bereiche unseres Dienstes und unsere E-Mails k\u00f6nnen kleine elektronische Dateien enthalten, die als Web Beacons (auch als Clear Gifs, Pixel Tags und Single-Pixel Gifs bezeichnet) bekannt sind, die es dem Unternehmen beispielsweise erm\u00f6glichen, Benutzer zu z\u00e4hlen, die diese Seiten besucht oder eine E-Mail ge\u00f6ffnet haben, und f\u00fcr andere verwandte Website-Statistiken (zum Beispiel die Aufzeichnung der Beliebtheit eines bestimmten Bereichs und die \u00dcberpr\u00fcfung der System- und Serverintegrit\u00e4t).<\/p>\n<p style=\"text-align: justify;\">Cookies k\u00f6nnen \u201epersistente\u201c oder \u201esitzungsbezogene\u201c Cookies sein. Persistente Cookies bleiben auf Ihrem pers\u00f6nlichen Computer oder mobilen Ger\u00e4t, wenn Sie offline gehen, w\u00e4hrend sitzungsbezogene Cookies gel\u00f6scht werden, sobald Sie Ihren Webbrowser schlie\u00dfen. Erfahren Sie mehr \u00fcber Cookies in dem Artikel auf der Datenschutzrichtlinien-Website.<\/p>\n<p style=\"text-align: justify;\">Wir verwenden sowohl Sitzungs- als auch persistente Cookies f\u00fcr die unten aufgef\u00fchrten Zwecke:<\/p>\n<p style=\"text-align: justify;\">Notwendige \/ wesentliche Cookies<\/p>\n<p style=\"text-align: justify;\">Typ: Sitzungs-Cookies<\/p>\n<p style=\"text-align: justify;\">Verwaltet von: Uns<\/p>\n<p style=\"text-align: justify;\">Zweck: Diese Cookies sind wesentlich, um Ihnen die \u00fcber die Website verf\u00fcgbaren Dienste bereitzustellen und um Ihnen die Nutzung einiger ihrer Funktionen zu erm\u00f6glichen. Sie helfen, Benutzer zu authentifizieren und die betr\u00fcgerische Nutzung von Benutzerkonten zu verhindern. Ohne diese Cookies k\u00f6nnen die von Ihnen angeforderten Dienste nicht bereitgestellt werden, und wir verwenden diese Cookies nur, um Ihnen diese Dienste bereitzustellen.<\/p>\n<p style=\"text-align: justify;\">Cookies-Richtlinien \/ Annahme von Hinweiscookies<\/p>\n<p style=\"text-align: justify;\">Typ: Persistente Cookies<\/p>\n<p style=\"text-align: justify;\">Verwaltet von: Uns<\/p>\n<p style=\"text-align: justify;\">Zweck: Diese Cookies identifizieren, ob Benutzer die Verwendung von Cookies auf der Website akzeptiert haben.<\/p>\n<p style=\"text-align: justify;\">Funktionalit\u00e4ts-Cookies<\/p>\n<p style=\"text-align: justify;\">Typ: Persistente Cookies<\/p>\n<p style=\"text-align: justify;\">Verwaltet von: Uns<\/p>\n<p style=\"text-align: justify;\">Zweck: Diese Cookies erm\u00f6glichen es uns, uns an die Entscheidungen zu erinnern, die Sie bei der Nutzung der Website getroffen haben, wie z. B. das Speichern Ihrer Anmeldedaten oder Ihrer bevorzugten Sprache. Der Zweck dieser Cookies besteht darin, Ihnen eine pers\u00f6nlichere Erfahrung zu bieten und zu vermeiden, dass Sie Ihre Einstellungen jedes Mal neu eingeben m\u00fcssen, wenn Sie die Website nutzen.<\/p>\n<p style=\"text-align: justify;\">Weitere Informationen zu den von uns verwendeten Cookies und Ihren Wahlm\u00f6glichkeiten bez\u00fcglich Cookies finden Sie in unserer Cookie-Richtlinie oder im Abschnitt Cookies unserer Datenschutzrichtlinie.<\/p>\n<p style=\"text-align: justify;\">Verwendung Ihrer personenbezogenen Daten<\/p>\n<p style=\"text-align: justify;\">Das Unternehmen kann personenbezogene Daten f\u00fcr die folgenden Zwecke verwenden:<\/p>\n<p style=\"text-align: justify;\">Um unseren Dienst bereitzustellen und zu warten, einschlie\u00dflich der \u00dcberwachung der Nutzung unseres Dienstes.<\/p>\n<p style=\"text-align: justify;\">Um Ihr Konto zu verwalten: um Ihre Registrierung als Benutzer des Dienstes zu verwalten. Die von Ihnen bereitgestellten personenbezogenen Daten k\u00f6nnen Ihnen Zugang zu verschiedenen Funktionen des Dienstes geben, die Ihnen als registriertem Benutzer zur Verf\u00fcgung stehen.<\/p>\n<p style=\"text-align: justify;\">Zur Vertragserf\u00fcllung: die Entwicklung, Einhaltung und Durchf\u00fchrung des Kaufvertrags f\u00fcr die von Ihnen gekauften Produkte, Artikel oder Dienstleistungen oder eines anderen Vertrags mit uns \u00fcber den Dienst.<\/p>\n<p style=\"text-align: justify;\">Um Sie zu kontaktieren: Um Sie per E-Mail, Telefonanrufe, SMS oder andere gleichwertige Formen der elektronischen Kommunikation zu kontaktieren, wie z. B. Push-Benachrichtigungen einer mobilen Anwendung, bez\u00fcglich Updates oder informativer Mitteilungen im Zusammenhang mit den Funktionalit\u00e4ten, Produkten oder vertraglich vereinbarten Dienstleistungen, einschlie\u00dflich Sicherheitsupdates, wenn dies f\u00fcr ihre Umsetzung erforderlich oder zumutbar ist.<\/p>\n<p style=\"text-align: justify;\">Um Ihnen Neuigkeiten, Sonderangebote und allgemeine Informationen \u00fcber andere Waren, Dienstleistungen und Veranstaltungen zu bieten, die wir anbieten und die denen \u00e4hneln, die Sie bereits gekauft oder angefragt haben, es sei<\/p>\n<p style=\"text-align: justify;\">denn, Sie haben sich entschieden, solche Informationen nicht zu erhalten.<\/p>\n<p style=\"text-align: justify;\">Um Ihre Anfragen zu verwalten: Um Ihre Anfragen an uns zu bearbeiten und zu verwalten.<\/p>\n<p style=\"text-align: justify;\">F\u00fcr Gesch\u00e4fts\u00fcbertragungen: Wir k\u00f6nnen Ihre Informationen verwenden, um eine Fusion, Ver\u00e4u\u00dferung, Restrukturierung, Reorganisation, Aufl\u00f6sung oder einen anderen Verkauf oder Transfer einiger oder aller unserer Verm\u00f6genswerte zu bewerten oder durchzuf\u00fchren, sei es als laufendes Unternehmen oder als Teil eines Konkurs-, Liquidations- oder \u00e4hnlichen Verfahrens, bei dem personenbezogene Daten, die wir \u00fcber Benutzer unseres Dienstes gespeichert haben, zu den \u00fcbertragenen Verm\u00f6genswerten geh\u00f6ren.<\/p>\n<p style=\"text-align: justify;\">F\u00fcr andere Zwecke: Wir k\u00f6nnen Ihre Informationen f\u00fcr andere Zwecke verwenden, wie z. B. Datenanalyse, Identifizierung von Nutzungstrends, Bestimmung der Wirksamkeit unserer Werbekampagnen und zur Bewertung und Verbesserung unseres Dienstes, unserer Produkte, Dienstleistungen, unseres Marketings und Ihrer Erfahrung.<\/p>\n<p style=\"text-align: justify;\">Wir k\u00f6nnen Ihre personenbezogenen Daten in den folgenden Situationen weitergeben:<\/p>\n<p style=\"text-align: justify;\">Mit Dienstleistern: Wir k\u00f6nnen Ihre personenbezogenen Daten mit Dienstleistern teilen, um die Nutzung unseres Dienstes zu \u00fcberwachen und zu analysieren, um Sie zu kontaktieren.<br \/>\nF\u00fcr Gesch\u00e4fts\u00fcbertragungen: Wir k\u00f6nnen Ihre personenbezogenen Daten im Zusammenhang mit oder w\u00e4hrend der Verhandlungen \u00fcber eine Fusion, den Verkauf von Unternehmensverm\u00f6gen, eine Finanzierung oder den Erwerb unseres gesamten oder eines Teils unseres Gesch\u00e4fts an ein anderes Unternehmen weitergeben oder \u00fcbertragen.<br \/>\nMit verbundenen Unternehmen: Wir k\u00f6nnen Ihre Informationen mit unseren verbundenen Unternehmen teilen, in diesem Fall werden wir von diesen verbundenen Unternehmen verlangen, diese Datenschutzrichtlinie einzuhalten. Zu den verbundenen Unternehmen geh\u00f6ren unsere Muttergesellschaft und alle anderen Tochtergesellschaften, Joint-Venture-Partner oder andere Unternehmen, die wir kontrollieren oder die unter gemeinsamer Kontrolle mit uns stehen.<br \/>\nMit Gesch\u00e4ftspartnern: Wir k\u00f6nnen Ihre Informationen mit unseren Gesch\u00e4ftspartnern teilen, um Ihnen bestimmte Produkte, Dienstleistungen oder Werbeaktionen anzubieten.<br \/>\nMit anderen Nutzern: wenn Sie pers\u00f6nliche Informationen teilen oder anderweitig in den \u00f6ffentlichen Bereichen mit anderen Nutzern interagieren, k\u00f6nnen solche Informationen von allen Nutzern angezeigt und au\u00dferhalb \u00f6ffentlich verbreitet werden. Wenn Sie mit anderen Nutzern interagieren oder sich \u00fcber einen Drittanbieter-Social-Media-Dienst registrieren, k\u00f6nnen Ihre Kontakte im Drittanbieter-Social-Media-Dienst Ihren Namen, Ihr Profil, Ihre Bilder und die Beschreibung Ihrer Aktivit\u00e4ten sehen. Ebenso k\u00f6nnen andere Nutzer Beschreibungen Ihrer Aktivit\u00e4ten sehen, mit Ihnen kommunizieren und Ihr Profil einsehen.<br \/>\nMit Ihrer Zustimmung: Wir k\u00f6nnen Ihre personenbezogenen Daten f\u00fcr jeden anderen Zweck mit Ihrer Zustimmung offenlegen.<br \/>\nAufbewahrung Ihrer personenbezogenen Daten<\/p>\n<p style=\"text-align: justify;\">Das Unternehmen wird Ihre personenbezogenen Daten nur so lange aufbewahren, wie es f\u00fcr die in dieser Datenschutzrichtlinie festgelegten Zwecke erforderlich ist. Wir werden Ihre personenbezogenen Daten in dem Umfang aufbewahren und verwenden, wie es erforderlich ist, um unseren gesetzlichen Verpflichtungen nachzukommen (zum Beispiel, wenn wir Ihre Daten aufbewahren m\u00fcssen, um geltende Gesetze einzuhalten), Streitigkeiten beizulegen und unsere rechtlichen Vereinbarungen und Richtlinien durchzusetzen.<\/p>\n<p style=\"text-align: justify;\">Das Unternehmen wird auch Nutzungsdaten f\u00fcr interne Analysezwecke aufbewahren. Nutzungsdaten werden in der Regel f\u00fcr einen k\u00fcrzeren Zeitraum aufbewahrt, es sei denn, diese Daten werden verwendet, um die Sicherheit zu verst\u00e4rken oder die Funktionalit\u00e4t unseres Dienstes zu verbessern, oder wir sind gesetzlich verpflichtet, diese Daten f\u00fcr l\u00e4ngere Zeitr\u00e4ume aufzubewahren.<\/p>\n<p style=\"text-align: justify;\">\u00dcbertragung Ihrer personenbezogenen Daten<\/p>\n<p style=\"text-align: justify;\">Ihre Informationen, einschlie\u00dflich personenbezogener Daten, werden in den Betriebsb\u00fcros des Unternehmens und an allen anderen Orten verarbeitet, an denen sich die an der Verarbeitung beteiligten Parteien befinden. Dies bedeutet, dass diese Informationen auf Computer \u00fcbertragen und dort gespeichert werden k\u00f6nnen, die sich au\u00dferhalb Ihres Staates, Ihrer Provinz, Ihres Landes oder einer anderen staatlichen Gerichtsbarkeit befinden, in der die Datenschutzgesetze von denen Ihrer Gerichtsbarkeit abweichen k\u00f6nnen.<\/p>\n<p style=\"text-align: justify;\">Ihre Zustimmung zu dieser Datenschutzrichtlinie, gefolgt von Ihrer \u00dcbermittlung solcher Informationen, stellt Ihre Zustimmung zu dieser \u00dcbertragung dar.<\/p>\n<p style=\"text-align: justify;\">Das Unternehmen wird alle vern\u00fcnftigerweise notwendigen Schritte unternehmen, um sicherzustellen, dass Ihre Daten sicher und in \u00dcbereinstimmung mit dieser Datenschutzrichtlinie behandelt werden und dass keine \u00dcbertragung Ihrer personenbezogenen Daten an eine Organisation oder ein Land erfolgt, es sei denn, es sind angemessene Kontrollen vorhanden, einschlie\u00dflich der Sicherheit Ihrer Daten und anderer pers\u00f6nlicher Informationen.<\/p>\n<p style=\"text-align: justify;\">L\u00f6schung Ihrer personenbezogenen Daten<\/p>\n<p style=\"text-align: justify;\">Sie haben das Recht, Ihre personenbezogenen Daten zu l\u00f6schen oder unsere Unterst\u00fctzung beim L\u00f6schen der von uns \u00fcber Sie gesammelten personenbezogenen Daten anzufordern.<\/p>\n<p style=\"text-align: justify;\">Unser Dienst kann Ihnen die M\u00f6glichkeit geben, bestimmte Informationen \u00fcber Sie innerhalb des Dienstes zu l\u00f6schen.<\/p>\n<p style=\"text-align: justify;\">Sie k\u00f6nnen Ihre Informationen jederzeit aktualisieren, \u00e4ndern oder l\u00f6schen, indem Sie sich in Ihr Konto einloggen, falls Sie eines haben, und den Abschnitt mit den Kontoeinstellungen besuchen, der Ihnen erm\u00f6glicht, Ihre pers\u00f6nlichen Daten zu verwalten. Sie k\u00f6nnen uns auch kontaktieren, um Zugang zu Ihren personenbezogenen Daten, deren Berichtigung oder L\u00f6schung anzufordern, die Sie uns zur Verf\u00fcgung gestellt haben.<\/p>\n<p style=\"text-align: justify;\">Bitte beachten Sie jedoch, dass wir bestimmte Informationen aufbewahren m\u00fcssen, wenn wir eine gesetzliche Verpflichtung oder eine rechtliche Grundlage daf\u00fcr haben.<\/p>\n<p style=\"text-align: justify;\">Offenlegung Ihrer personenbezogenen Daten<br \/>\nGesch\u00e4ftsvorg\u00e4nge<\/p>\n<p style=\"text-align: justify;\">Wenn das Unternehmen an einer Fusion, \u00dcbernahme oder einem Verkauf von Verm\u00f6genswerten beteiligt ist, k\u00f6nnen Ihre personenbezogenen Daten \u00fcbertragen werden. Wir werden eine Benachrichtigung bereitstellen, bevor Ihre personenbezogenen Daten \u00fcbertragen werden und einer anderen Datenschutzrichtlinie unterliegen.<\/p>\n<p style=\"text-align: justify;\">Gesetzesvollzug<\/p>\n<p style=\"text-align: justify;\">Unter bestimmten Umst\u00e4nden kann das Unternehmen verpflichtet sein, Ihre personenbezogenen Daten offenzulegen, wenn dies gesetzlich vorgeschrieben ist oder auf g\u00fcltige Anfragen von Beh\u00f6rden (z. B. einem Gericht oder einer Regierungsbeh\u00f6rde) als Antwort erforderlich ist.<\/p>\n<p style=\"text-align: justify;\">Andere gesetzliche Anforderungen<\/p>\n<p style=\"text-align: justify;\">Das Unternehmen kann Ihre personenbezogenen Daten in dem guten Glauben offenlegen, dass eine solche Handlung notwendig ist, um:<\/p>\n<p style=\"text-align: justify;\">Einer gesetzlichen Verpflichtung nachzukommen<br \/>\nDie Rechte oder das Eigentum des Unternehmens zu sch\u00fctzen und zu verteidigen<br \/>\nM\u00f6gliche Fehlverhalten im Zusammenhang mit dem Dienst zu verhindern oder zu untersuchen<br \/>\nDie pers\u00f6nliche Sicherheit der Benutzer des Dienstes oder der \u00d6ffentlichkeit zu sch\u00fctzen<br \/>\nRechtliche Haftung zu vermeiden<br \/>\nSicherheit Ihrer personenbezogenen Daten<\/p>\n<p style=\"text-align: justify;\">Die Sicherheit Ihrer personenbezogenen Daten ist uns wichtig, aber denken Sie daran, dass keine Methode der \u00dcbertragung \u00fcber das Internet oder Methode der elektronischen Speicherung 100 % sicher ist. Obwohl wir bestrebt sind, kommerziell akzeptable Mittel zum Schutz Ihrer personenbezogenen Daten zu verwenden, k\u00f6nnen wir deren absolute Sicherheit nicht garantieren.<\/p>\n<p style=\"text-align: justify;\">Datenschutz von Kindern<\/p>\n<p style=\"text-align: justify;\">Unser Dienst richtet sich nicht an Personen unter 13 Jahren. Wir erfassen wissentlich keine personenbezogenen Daten von Personen unter 13 Jahren. Wenn Sie ein Elternteil oder Vormund sind und wissen, dass Ihr Kind uns personenbezogene Daten zur Verf\u00fcgung gestellt hat, kontaktieren Sie uns bitte. Wenn wir erfahren, dass wir personenbezogene Daten von jemandem unter 13 Jahren ohne \u00dcberpr\u00fcfung der elterlichen Zustimmung gesammelt haben, werden wir Schritte unternehmen, um diese Informationen von unseren Servern zu entfernen.<\/p>\n<p style=\"text-align: justify;\">Wenn wir uns auf die Zustimmung als rechtliche Grundlage f\u00fcr die Verarbeitung Ihrer Informationen st\u00fctzen m\u00fcssen und Ihr Land die Zustimmung eines Elternteils erfordert, k\u00f6nnen wir die Zustimmung Ihres Elternteils ben\u00f6tigen, bevor wir diese Informationen sammeln und verwenden.<\/p>\n<p style=\"text-align: justify;\">Links zu anderen Websites<\/p>\n<p style=\"text-align: justify;\">Unser Dienst kann Links zu anderen Websites enthalten, die nicht von uns betrieben werden. Wenn Sie auf einen Link eines Drittanbieters klicken, werden Sie auf die Website dieses Drittanbieters weitergeleitet. Wir empfehlen Ihnen dringend, die Datenschutzrichtlinie jeder Website, die Sie besuchen, zu \u00fcberpr\u00fcfen.<\/p>\n<p style=\"text-align: justify;\">Wir haben keine Kontrolle \u00fcber und \u00fcbernehmen keine Verantwortung f\u00fcr die Inhalte, Datenschutzrichtlinien oder Praktiken von Websites oder Diensten Dritter.<\/p>\n<p style=\"text-align: justify;\">\u00c4nderungen dieser Datenschutzrichtlinie<\/p>\n<p style=\"text-align: justify;\">Wir k\u00f6nnen unsere Datenschutzrichtlinie von Zeit zu Zeit aktualisieren. Wir werden Sie \u00fcber \u00c4nderungen informieren, indem wir die neue Datenschutzrichtlinie auf dieser Seite ver\u00f6ffentlichen.<\/p>\n<p style=\"text-align: justify;\">Wir werden Sie per E-Mail und\/oder durch einen auff\u00e4lligen Hinweis auf unserem Dienst benachrichtigen, bevor die \u00c4nderung in Kraft tritt, und das Datum \u201eZuletzt aktualisiert\u201c oben in dieser Datenschutzrichtlinie aktualisieren.<\/p>\n<p style=\"text-align: justify;\">Es wird empfohlen, diese Datenschutzrichtlinie regelm\u00e4\u00dfig auf \u00c4nderungen zu \u00fcberpr\u00fcfen. \u00c4nderungen dieser Datenschutzrichtlinie treten in Kraft, wenn sie auf dieser Seite ver\u00f6ffentlicht werden.<\/p>\n<p style=\"text-align: justify;\">Kontaktieren Sie uns<\/p>\n<p style=\"text-align: justify;\">Wenn Sie Fragen zu dieser Datenschutzrichtlinie haben, k\u00f6nnen Sie uns kontaktieren:<\/p>\n<p style=\"text-align: justify;\">Indem Sie diese Seite auf unserer Website besuchen: <a href=\"https:\/\/yourempireestate.com\/de\/contacts\/\">https:\/\/yourempireestate.com\/de\/contacts\/<\/a><\/p>\n<p><\/p>","protected":false},"excerpt":{"rendered":"<p>Datenschutzrichtlinie Diese Datenschutzrichtlinie beschreibt unsere Richtlinien und Verfahren zur Erfassung, Nutzung und Offenlegung Ihrer Informationen, wenn Sie den Dienst nutzen, und informiert Sie \u00fcber Ihre Datenschutzrechte und wie das Gesetz Sie sch\u00fctzt. Wir verwenden Ihre Daten, um den Dienst bereitzustellen und zu verbessern. Durch die Nutzung des Dienstes stimmen Sie der Erfassung und Nutzung von\u2026<\/p>\n","protected":false},"author":3,"featured_media":0,"parent":0,"menu_order":0,"comment_status":"closed","ping_status":"closed","template":"","meta":{"footnotes":""},"class_list":["post-48576","page","type-page","status-publish","hentry"],"_links":{"self":[{"href":"https:\/\/yourempireestate.com\/de\/wp-json\/wp\/v2\/pages\/48576","targetHints":{"allow":["GET"]}}],"collection":[{"href":"https:\/\/yourempireestate.com\/de\/wp-json\/wp\/v2\/pages"}],"about":[{"href":"https:\/\/yourempireestate.com\/de\/wp-json\/wp\/v2\/types\/page"}],"author":[{"embeddable":true,"href":"https:\/\/yourempireestate.com\/de\/wp-json\/wp\/v2\/users\/3"}],"replies":[{"embeddable":true,"href":"https:\/\/yourempireestate.com\/de\/wp-json\/wp\/v2\/comments?post=48576"}],"version-history":[{"count":11,"href":"https:\/\/yourempireestate.com\/de\/wp-json\/wp\/v2\/pages\/48576\/revisions"}],"predecessor-version":[{"id":49409,"href":"https:\/\/yourempireestate.com\/de\/wp-json\/wp\/v2\/pages\/48576\/revisions\/49409"}],"wp:attachment":[{"href":"https:\/\/yourempireestate.com\/de\/wp-json\/wp\/v2\/media?parent=48576"}],"curies":[{"name":"wp","href":"https:\/\/api.w.org\/{rel}","templated":true}]}}