{"id":28821,"date":"2023-10-08T21:46:44","date_gmt":"2023-10-08T18:46:44","guid":{"rendered":"https:\/\/yourempireestate.com\/?page_id=28821"},"modified":"2023-11-30T08:53:53","modified_gmt":"2023-11-30T05:53:53","slug":"about-us","status":"publish","type":"page","link":"https:\/\/yourempireestate.com\/de\/about-us\/","title":{"rendered":"\u00dcber uns"},"content":{"rendered":"<p><\/p>\n<h3 style=\"text-align: left;\">\u00dcBER UNS<\/h3>\n<p style=\"text-align: justify;\">Hier m\u00f6chten wir mehr \u00fcber uns erkl\u00e4ren! Gegr\u00fcndet im Jahr 2022 im Herzen der T\u00fcrkei ist Your Empire Estate ein erstklassiges Immobilienunternehmen, das sich der Bereitstellung von Exzellenz und Innovation f\u00fcr unsere Kunden verschrieben hat. Wir sind schnell in den Mittelpunkt des t\u00fcrkischen Immobilienmarktes aufgestiegen und bieten eine umfassende L\u00f6sung f\u00fcr all Ihre Immobilienbed\u00fcrfnisse.<\/p>\n<h5 style=\"text-align: left;\">UNSERE MISSION<\/h5>\n<p style=\"text-align: justify;\">Bei <a href=\"https:\/\/yourempireestate.com\/uk\/services\/\">Your Empire Estate<\/a> ist unsere Mission einfach und dennoch tiefgreifend: Wir existieren, um Ihre Immobilienreise au\u00dfergew\u00f6hnlich zu gestalten. Wir bieten eine umfassende Palette von Dienstleistungen, um sicherzustellen, dass Sie einen vertrauensw\u00fcrdigen Partner f\u00fcr alle Ihre Immobilienbed\u00fcrfnisse in der T\u00fcrkei haben. Ob Sie kaufen, mieten, verwalten, renovieren oder internationale Immobiliengesch\u00e4fte durchf\u00fchren &#8211; wir sind hier, um Ihre Erwartungen zu \u00fcbertreffen.<\/p>\n<h5 style=\"text-align: left;\">UNSERE VISION<\/h5>\n<p style=\"text-align: justify;\">Unsere Vision besteht darin, in der T\u00fcrkei neue Branchenstandards zu setzen, indem wir das Sinnbild f\u00fcr Vertrauen, Qualit\u00e4t und Innovation werden. Wir streben danach, eine Immobilienlandschaft zu definieren, die von Kundenerfolg und unersch\u00fctterlichem Engagement f\u00fcr Exzellenz gepr\u00e4gt ist. <a href=\"https:\/\/linkfly.to\/50622X2cOEj\" target=\"_blank\" rel=\"noopener\">Your Empire Estate<\/a> ist Ihr Leuchtfeuer des Vertrauens in der dynamischen Welt der t\u00fcrkischen Immobilien.<\/p>\n<p><\/p>","protected":false},"excerpt":{"rendered":"<p>\u00dcBER UNS Hier m\u00f6chten wir mehr \u00fcber uns erkl\u00e4ren! Gegr\u00fcndet im Jahr 2022 im Herzen der T\u00fcrkei ist Your Empire Estate ein erstklassiges Immobilienunternehmen, das sich der Bereitstellung von Exzellenz und Innovation f\u00fcr unsere Kunden verschrieben hat. Wir sind schnell in den Mittelpunkt des t\u00fcrkischen Immobilienmarktes aufgestiegen und bieten eine umfassende L\u00f6sung f\u00fcr all Ihre\u2026<\/p>\n","protected":false},"author":1,"featured_media":0,"parent":0,"menu_order":0,"comment_status":"closed","ping_status":"closed","template":"template-about.php","meta":{"footnotes":""},"class_list":["post-28821","page","type-page","status-publish","hentry"],"_links":{"self":[{"href":"https:\/\/yourempireestate.com\/de\/wp-json\/wp\/v2\/pages\/28821","targetHints":{"allow":["GET"]}}],"collection":[{"href":"https:\/\/yourempireestate.com\/de\/wp-json\/wp\/v2\/pages"}],"about":[{"href":"https:\/\/yourempireestate.com\/de\/wp-json\/wp\/v2\/types\/page"}],"author":[{"embeddable":true,"href":"https:\/\/yourempireestate.com\/de\/wp-json\/wp\/v2\/users\/1"}],"replies":[{"embeddable":true,"href":"https:\/\/yourempireestate.com\/de\/wp-json\/wp\/v2\/comments?post=28821"}],"version-history":[{"count":19,"href":"https:\/\/yourempireestate.com\/de\/wp-json\/wp\/v2\/pages\/28821\/revisions"}],"predecessor-version":[{"id":37798,"href":"https:\/\/yourempireestate.com\/de\/wp-json\/wp\/v2\/pages\/28821\/revisions\/37798"}],"wp:attachment":[{"href":"https:\/\/yourempireestate.com\/de\/wp-json\/wp\/v2\/media?parent=28821"}],"curies":[{"name":"wp","href":"https:\/\/api.w.org\/{rel}","templated":true}]}}