{"id":28517,"date":"2023-10-08T21:30:33","date_gmt":"2023-10-08T18:30:33","guid":{"rendered":"https:\/\/yourempireestate.com\/?page_id=28517"},"modified":"2023-12-20T09:10:13","modified_gmt":"2023-12-20T06:10:13","slug":"contacts","status":"publish","type":"page","link":"https:\/\/yourempireestate.com\/de\/contacts\/","title":{"rendered":"Nehmen Sie Kontakt mit uns auf"},"content":{"rendered":"<p><\/p>\n<p style=\"text-align: justify;\"><a href=\"https:\/\/api.whatsapp.com\/send\/?phone=905396160049&amp;text=Hello+I+need+a+consultation.+Can+you+help+me\" target=\"_blank\" rel=\"noopener\"><strong>Your Empire Estate<\/strong><\/a> ist bereit, Sie auf Ihrer Immobilienreise zu unterst\u00fctzen. Nehmen Sie Kontakt mit uns \u00fcber unsere Kontaktseite auf, und lassen Sie uns \u00fcber Ihre Tr\u00e4ume, Ziele und Ambitionen in Alanya, T\u00fcrkei, sprechen. Wir sind darauf bedacht, Ihre Erfahrung im Immobilienbereich au\u00dfergew\u00f6hnlich zu gestalten.<\/p>\n<p style=\"text-align: justify;\"><a href=\"https:\/\/api.whatsapp.com\/send\/?phone=905396160049&amp;text=Hello+I+need+a+consultation.+Can+you+help+me\" target=\"_blank\" rel=\"noopener\">Treten Sie noch heute mit uns in Kontakt!<\/a><\/p>\n<p style=\"text-align: justify;\">Investieren Sie in Ihre Zukunft mit <a href=\"https:\/\/api.whatsapp.com\/send\/?phone=905396160049&amp;text=Hello+I+need+a+consultation.+Can+you+help+me\" target=\"_blank\" rel=\"noopener\"><strong>Your Empire Estate<\/strong><\/a> &#8211; Ihr vertrauensw\u00fcrdiger Partner auf dem Immobilienmarkt von Alanya, T\u00fcrkei.<\/p>\n<p><\/p>","protected":false},"excerpt":{"rendered":"<p>Your Empire Estate ist bereit, Sie auf Ihrer Immobilienreise zu unterst\u00fctzen. Nehmen Sie Kontakt mit uns \u00fcber unsere Kontaktseite auf, und lassen Sie uns \u00fcber Ihre Tr\u00e4ume, Ziele und Ambitionen in Alanya, T\u00fcrkei, sprechen. Wir sind darauf bedacht, Ihre Erfahrung im Immobilienbereich au\u00dfergew\u00f6hnlich zu gestalten. Treten Sie noch heute mit uns in Kontakt! Investieren Sie\u2026<\/p>\n","protected":false},"author":1,"featured_media":37509,"parent":0,"menu_order":0,"comment_status":"closed","ping_status":"closed","template":"template-contacts.php","meta":{"footnotes":""},"class_list":["post-28517","page","type-page","status-publish","has-post-thumbnail","hentry"],"_links":{"self":[{"href":"https:\/\/yourempireestate.com\/de\/wp-json\/wp\/v2\/pages\/28517","targetHints":{"allow":["GET"]}}],"collection":[{"href":"https:\/\/yourempireestate.com\/de\/wp-json\/wp\/v2\/pages"}],"about":[{"href":"https:\/\/yourempireestate.com\/de\/wp-json\/wp\/v2\/types\/page"}],"author":[{"embeddable":true,"href":"https:\/\/yourempireestate.com\/de\/wp-json\/wp\/v2\/users\/1"}],"replies":[{"embeddable":true,"href":"https:\/\/yourempireestate.com\/de\/wp-json\/wp\/v2\/comments?post=28517"}],"version-history":[{"count":16,"href":"https:\/\/yourempireestate.com\/de\/wp-json\/wp\/v2\/pages\/28517\/revisions"}],"predecessor-version":[{"id":39358,"href":"https:\/\/yourempireestate.com\/de\/wp-json\/wp\/v2\/pages\/28517\/revisions\/39358"}],"wp:featuredmedia":[{"embeddable":true,"href":"https:\/\/yourempireestate.com\/de\/wp-json\/wp\/v2\/media\/37509"}],"wp:attachment":[{"href":"https:\/\/yourempireestate.com\/de\/wp-json\/wp\/v2\/media?parent=28517"}],"curies":[{"name":"wp","href":"https:\/\/api.w.org\/{rel}","templated":true}]}}